{"id":630,"date":"2023-05-11T12:34:45","date_gmt":"2023-05-11T15:34:45","guid":{"rendered":"https:\/\/www.osecac.org.ar\/Novedades\/?page_id=630"},"modified":"2026-04-30T13:57:34","modified_gmt":"2026-04-30T16:57:34","slug":"centros-de-vacunacion-caba","status":"publish","type":"page","link":"https:\/\/www.osecac.org.ar\/Novedades\/centros-de-vacunacion-caba\/","title":{"rendered":"Centros de vacunaci\u00f3n &#8211; CABA"},"content":{"rendered":"<p>[et_pb_section fb_built=\u00bb1&#8243; _builder_version=\u00bb4.20.4&#8243; _module_preset=\u00bbdefault\u00bb global_colors_info=\u00bb{}\u00bb][et_pb_row _builder_version=\u00bb4.20.4&#8243; _module_preset=\u00bbdefault\u00bb global_colors_info=\u00bb{}\u00bb][et_pb_column type=\u00bb4_4&#8243; _builder_version=\u00bb4.20.4&#8243; _module_preset=\u00bbdefault\u00bb global_colors_info=\u00bb{}\u00bb][et_pb_text _builder_version=\u00bb4.20.4&#8243; _module_preset=\u00bbdefault\u00bb header_2_text_color=\u00bb#e52054&#8243; global_colors_info=\u00bb{}\u00bb]<\/p>\n<h1>Campa\u00f1a de vacunaci\u00f3n antigripal<\/h1>\n<h2>Gratuita, voluntaria y enfocada en la poblaci\u00f3n de riesgo<\/h2>\n<h3><\/h3>\n<h3><\/h3>\n<h3><\/h3>\n<h3>Centros de vacunaci\u00f3n &#8211; <strong>CABA<\/strong><\/h3>\n<p>[\/et_pb_text][et_pb_text _builder_version=\u00bb4.27.6&#8243; _module_preset=\u00bbdefault\u00bb global_colors_info=\u00bb{}\u00bb]<\/p>\n<table id=\"myTable\">\n<tbody>\n<tr class=\"header\">\n<th style=\"width: 90px;\">Provincia<\/th>\n<th style=\"width: 150px;\">Lugar<\/th>\n<th style=\"width: 150px;\">Direcci\u00f3n<\/th>\n<th style=\"width: 150px;\">Horario<\/th>\n<\/tr>\n<tr>\n<td>Capital Federal<\/td>\n<td>Centro Ambulatorio Jonas Salk Per\u00f3n<\/td>\n<td>Tte Gral Per\u00f3n 2354<\/td>\n<td>Lunes a Viernes de 09 a 18 hs.<br \/>S\u00e1bado de 09 a 11hs.<\/td>\n<\/tr>\n<tr>\n<td>Capital Federal<\/td>\n<td>Centro Ambulatorio Jonas Salk Sarand\u00ed<\/td>\n<td>Sarand\u00ed 927<\/td>\n<td>Lunes a Viernes de 12 a 18 hs.<br \/>S\u00e1bado de 09 a 11hs.<\/td>\n<\/tr>\n<tr>\n<td>Capital Federal<\/td>\n<td>Centro Ambulatorio Lacroze<\/td>\n<td>Av Lacroze 3880<\/td>\n<td>Lunes a Viernes de 09 a 18 hs.<br \/>S\u00e1bado de 09 a 11hs.<\/td>\n<\/tr>\n<tr>\n<td>Capital Federal<\/td>\n<td>Centro Ambulatorio Flores<\/td>\n<td>Bacacay 2357<\/td>\n<td>Lunes a Viernes de 09 a 18 hs.<br \/>S\u00e1bado de 09 a 11hs.<\/td>\n<\/tr>\n<\/tbody>\n<\/table>\n<p>[\/et_pb_text][et_pb_text _builder_version=\u00bb4.20.4&#8243; _module_preset=\u00bbdefault\u00bb header_2_text_color=\u00bb#e52054&#8243; global_colors_info=\u00bb{}\u00bb]<\/p>\n<h3><\/h3>\n<h3>Centros de vacunaci\u00f3n &#8211; <strong>PBA<\/strong><\/h3>\n<p>[\/et_pb_text][et_pb_text _builder_version=\u00bb4.27.6&#8243; _module_preset=\u00bbdefault\u00bb hover_enabled=\u00bb0&#8243; global_colors_info=\u00bb{}\u00bb sticky_enabled=\u00bb0&#8243; locked=\u00bboff\u00bb]<\/p>\n<table xmlns=\"http:\/\/www.w3.org\/1999\/xhtml\" cellspacing=\"0\" cellpadding=\"0\" dir=\"ltr\" border=\"1\" data-sheets-root=\"1\" data-sheets-baot=\"1\">\n<colgroup>\n<col width=\"150\" \/>\n<col width=\"200\" \/>\n<col width=\"202\" \/>\n<col width=\"205\" \/><\/colgroup>\n<tbody>\n<tr>\n<td><strong>ZONA<\/strong><\/td>\n<td><strong>CENTRO DE VACUNACI\u00d3N<\/strong><\/td>\n<td><strong>DIRECCI\u00d3N<\/strong><\/td>\n<td><strong>HORARIO<\/strong><\/td>\n<\/tr>\n<tr>\n<td>NOROESTE<\/td>\n<td>SAN MIGUEL<\/td>\n<td>Samiento 1169<\/td>\n<td>Lunes a Viernes 08 a 18 hs<\/td>\n<\/tr>\n<tr>\n<td>NOROESTE<\/td>\n<td>SAN MARTIN<\/td>\n<td>Calle 99 N\u00b01960<\/td>\n<td>Lunes a Viernes 08 a 18 hs<\/td>\n<\/tr>\n<tr>\n<td>NOROESTE<\/td>\n<td>CASEROS<\/td>\n<td>Mariano Moreno 4930<\/td>\n<td>Lunes a Viernes 09 a 18 hs<\/td>\n<\/tr>\n<tr>\n<td>SUR<\/td>\n<td>LOMAS DE ZAMORA<\/td>\n<td>Italia 170<\/td>\n<td>Martes y Jueves 12 a 16 hs<\/td>\n<\/tr>\n<tr>\n<td>SUR<\/td>\n<td>MONTE GRANDE<\/td>\n<td>Av. Enrique Sta. Marina 226<\/td>\n<td>Mi\u00e9rcoles de 12 a 16hs<\/td>\n<\/tr>\n<tr>\n<td>SUR<\/td>\n<td>BERAZATEGUI<\/td>\n<td>Calle 11 entre 48 y 49<\/td>\n<td>Lunes a Viernes 09 a 17 hs<\/td>\n<\/tr>\n<tr>\n<td>SUR<\/td>\n<td>QUILMES<\/td>\n<td>Mitre 976<\/td>\n<td>Lunes a Viernes 09 a 17 hs<\/td>\n<\/tr>\n<tr>\n<td>SUR<\/td>\n<td>VARELA<\/td>\n<td>Alt Brown 41<\/td>\n<td>Lunes a Viernes 09 a 17 hs<\/td>\n<\/tr>\n<tr>\n<td>SUR<\/td>\n<td>AVELLANEDA<\/td>\n<td>Maipu 278<\/td>\n<td>Lunes a Viernes 09 a 17 hs<\/td>\n<\/tr>\n<tr>\n<td>SUR<\/td>\n<td>LANUS<\/td>\n<td>Del Valle Iberlucea 3263<\/td>\n<td>Lunes a Viernes 09 a 17 hs<\/td>\n<\/tr>\n<tr>\n<td>SUR<\/td>\n<td>LA PLATA<\/td>\n<td>Diag. 80 875<\/td>\n<td>Lunes a Viernes 09 a 17 hs<\/td>\n<\/tr>\n<tr>\n<td>SUR<\/td>\n<td>SAN FRANCISCO SOLANO<\/td>\n<td>Calle 843 N\u00ba2445,<\/td>\n<td>Lunes a Viernes 09 a 17 hs<\/td>\n<\/tr>\n<tr>\n<td>OESTE<\/td>\n<td>RAMOS MEJIA<\/td>\n<td>Rosales 261<\/td>\n<td>Lunes a Viernes 08 a 19 hs<\/td>\n<\/tr>\n<tr>\n<td>OESTE<\/td>\n<td>SAN JUSTO<\/td>\n<td>Salta 2264<\/td>\n<td>Lunes a Viernes 08 a 19 hs<\/td>\n<\/tr>\n<tr>\n<td>OESTE<\/td>\n<td>MERLO<\/td>\n<td>Sarandi 729<\/td>\n<td>Lunes a Viernes 08 a 16 hs<\/td>\n<\/tr>\n<tr>\n<td>OESTE<\/td>\n<td>MORENO<\/td>\n<td>Belgrano 152<\/td>\n<td>Lunes a Viernes 08 a 20 hs<\/td>\n<\/tr>\n<tr>\n<td>OESTE<\/td>\n<td>LAFERRERE<\/td>\n<td>Andrade 6035<\/td>\n<td>Lunes a Viernes 08 a 19 hs<\/td>\n<\/tr>\n<tr>\n<td>OESTE<\/td>\n<td>VILLA MADERO<\/td>\n<td>Primera Junta 19<\/td>\n<td>Lunes a Viernes 08 a 16 hs<\/td>\n<\/tr>\n<tr>\n<td>OESTE<\/td>\n<td>MORON<\/td>\n<td>G Silva 740<\/td>\n<td>Lunes a Viernes 08 a 18 hs<\/td>\n<\/tr>\n<tr>\n<td>OESTE<\/td>\n<td>VIRREY DEL PINO<\/td>\n<td>Av Juan Manuel de Rosas 19603<\/td>\n<td>Lunes a Viernes 08 a 16 hs<\/td>\n<\/tr>\n<tr>\n<td>OESTE<\/td>\n<td>PONTEVEDRA<\/td>\n<td>Av Union 1761<\/td>\n<td>Lunes a Viernes 08 a 16hs<\/td>\n<\/tr>\n<\/tbody>\n<\/table>\n<p>&nbsp;<\/p>\n<p>[\/et_pb_text][et_pb_button button_url=\u00bb@ET-DC@eyJkeW5hbWljIjp0cnVlLCJjb250ZW50IjoicG9zdF9saW5rX3VybF9wb3N0Iiwic2V0dGluZ3MiOnsicG9zdF9pZCI6IjU0NCJ9fQ==@\u00bb button_text=\u00bbVolver\u00bb disabled_on=\u00bbon|on|on\u00bb _builder_version=\u00bb4.20.4&#8243; _dynamic_attributes=\u00bbbutton_url\u00bb _module_preset=\u00bbdefault\u00bb custom_button=\u00bbon\u00bb button_text_size=\u00bb16px\u00bb button_icon=\u00bb&#x38;||divi||400&#8243; button_icon_placement=\u00bbleft\u00bb disabled=\u00bbon\u00bb global_colors_info=\u00bb{}\u00bb][\/et_pb_button][\/et_pb_column][\/et_pb_row][\/et_pb_section]<\/p>\n","protected":false},"excerpt":{"rendered":"<p>Campa\u00f1a de vacunaci\u00f3n antigripal Gratuita, voluntaria y enfocada en la poblaci\u00f3n de riesgo Centros de vacunaci\u00f3n &#8211; CABA Provincia Lugar Direcci\u00f3n Horario Capital Federal Centro Ambulatorio Jonas Salk Per\u00f3n Tte Gral Per\u00f3n 2354 Lunes a Viernes de 09 a 18 hs.S\u00e1bado de 09 a 11hs. Capital Federal Centro Ambulatorio Jonas Salk Sarand\u00ed Sarand\u00ed 927 Lunes [&hellip;]<\/p>\n","protected":false},"author":1,"featured_media":0,"parent":0,"menu_order":0,"comment_status":"closed","ping_status":"closed","template":"","meta":{"_et_pb_use_builder":"on","_et_pb_old_content":"","_et_gb_content_width":"","footnotes":""},"class_list":["post-630","page","type-page","status-publish","hentry"],"_links":{"self":[{"href":"https:\/\/www.osecac.org.ar\/Novedades\/wp-json\/wp\/v2\/pages\/630","targetHints":{"allow":["GET"]}}],"collection":[{"href":"https:\/\/www.osecac.org.ar\/Novedades\/wp-json\/wp\/v2\/pages"}],"about":[{"href":"https:\/\/www.osecac.org.ar\/Novedades\/wp-json\/wp\/v2\/types\/page"}],"author":[{"embeddable":true,"href":"https:\/\/www.osecac.org.ar\/Novedades\/wp-json\/wp\/v2\/users\/1"}],"replies":[{"embeddable":true,"href":"https:\/\/www.osecac.org.ar\/Novedades\/wp-json\/wp\/v2\/comments?post=630"}],"version-history":[{"count":3,"href":"https:\/\/www.osecac.org.ar\/Novedades\/wp-json\/wp\/v2\/pages\/630\/revisions"}],"predecessor-version":[{"id":1789,"href":"https:\/\/www.osecac.org.ar\/Novedades\/wp-json\/wp\/v2\/pages\/630\/revisions\/1789"}],"wp:attachment":[{"href":"https:\/\/www.osecac.org.ar\/Novedades\/wp-json\/wp\/v2\/media?parent=630"}],"curies":[{"name":"wp","href":"https:\/\/api.w.org\/{rel}","templated":true}]}}